{"id":12932,"date":"2022-06-18T06:20:58","date_gmt":"2022-06-18T06:20:58","guid":{"rendered":"https:\/\/poderelacollina.com\/shop\/alya\/"},"modified":"2026-03-29T07:58:10","modified_gmt":"2026-03-29T07:58:10","slug":"alya-rotwein","status":"publish","type":"product","link":"https:\/\/poderelacollina.com\/de\/shop\/alya-rotwein\/","title":{"rendered":"Alya"},"content":{"rendered":"<p><strong>Region: <\/strong>Brisighella (<strong>Ravenna IGT<\/strong>), Emilia-Romagna, Italien<\/p>\n<p><strong>Traubensorte: <\/strong>Cabernet Sauvignon<\/p>\n<p><strong>Standort:<\/strong>steile S\u00fcdh\u00e4nge, 300 m.\u00fc.d.M., Mikroklima Terroir &#8211; gelber Ton mit Sand und ockerfarbenem Lehm Weinlese: von Hand in kleinen Kisten<\/p>\n<p><strong>Weinlese:<\/strong>von Hand in kleinen Kisten gelesen<\/p>\n<p><strong>Fermentation:<\/strong>Die Fermentation findet in Stahltanks bei kontrollierter Temperatur statt, Mazeration im Stahltank f\u00fcr 4 Wochen.<\/p>\n<p><strong>Weinbereitung:<\/strong>Nach dem biologischen S\u00e4ureabbau wird der Wein bis zur Flaschenabf\u00fcllung in F\u00e4ssern von 500 l und in Barriques von 225 l mit einem Neuholzanteil von 30% gelagert. Abschlie\u00dfend 24 Monate Flaschenreifung.<\/p>\n<p><strong>Alkohol: <\/strong>13.5%<\/p>\n<p><strong>Genussreife:<\/strong> Ab sofort, wir empfehlen eine Lagerung von 2 Jahren. Das Reifepotential betr\u00e4gt 8 &#8211; 10 Jahre<\/p>\n<p><strong>Serviertemperatur: <\/strong>16 bis 18\u00b0C<\/p>\n<p><strong>Empfohlen f\u00fcr:<\/strong>Fleisch oder Wildbret, K\u00e4se, Teigwaren<\/p>\n","protected":false},"excerpt":{"rendered":"<div data-canvas-width=\"555.8079999999998\">Der Rotwein Alya ist ein fruchtiger Cabernet Sauvignon, elegant mit perfekt integrierten Tanninen, au\u00dfergew\u00f6hnlichen Aromen und einem kr\u00e4ftigen Abgang. Dieser erhabene Rotwein ist ein ernsthafter und ausdrucksstarker Wein mit gro\u00dfer Struktur, 100% biologisch, aus der Region Emilia-Romagna, Italien.<\/div>\n","protected":false},"featured_media":12839,"comment_status":"open","ping_status":"closed","template":"","meta":[],"product_cat":[147],"product_tag":[148],"class_list":{"0":"post-12932","1":"product","2":"type-product","3":"status-publish","4":"has-post-thumbnail","6":"product_cat-rotwein","7":"product_tag-75-cl","8":"product_shipping_class-weine","9":"pa_alcohol-13-5-de","10":"pa_grape-100-cabernet-sauvignon-de","12":"first","13":"instock","14":"featured","15":"taxable","16":"shipping-taxable","17":"purchasable","18":"product-type-simple"},"_links":{"self":[{"href":"https:\/\/poderelacollina.com\/de\/wp-json\/wp\/v2\/product\/12932","targetHints":{"allow":["GET"]}}],"collection":[{"href":"https:\/\/poderelacollina.com\/de\/wp-json\/wp\/v2\/product"}],"about":[{"href":"https:\/\/poderelacollina.com\/de\/wp-json\/wp\/v2\/types\/product"}],"replies":[{"embeddable":true,"href":"https:\/\/poderelacollina.com\/de\/wp-json\/wp\/v2\/comments?post=12932"}],"version-history":[{"count":5,"href":"https:\/\/poderelacollina.com\/de\/wp-json\/wp\/v2\/product\/12932\/revisions"}],"predecessor-version":[{"id":14866,"href":"https:\/\/poderelacollina.com\/de\/wp-json\/wp\/v2\/product\/12932\/revisions\/14866"}],"wp:featuredmedia":[{"embeddable":true,"href":"https:\/\/poderelacollina.com\/de\/wp-json\/wp\/v2\/media\/12839"}],"wp:attachment":[{"href":"https:\/\/poderelacollina.com\/de\/wp-json\/wp\/v2\/media?parent=12932"}],"wp:term":[{"taxonomy":"product_cat","embeddable":true,"href":"https:\/\/poderelacollina.com\/de\/wp-json\/wp\/v2\/product_cat?post=12932"},{"taxonomy":"product_tag","embeddable":true,"href":"https:\/\/poderelacollina.com\/de\/wp-json\/wp\/v2\/product_tag?post=12932"}],"curies":[{"name":"wp","href":"https:\/\/api.w.org\/{rel}","templated":true}]}}