{"id":12933,"date":"2022-06-15T06:21:04","date_gmt":"2022-06-15T06:21:04","guid":{"rendered":"https:\/\/poderelacollina.com\/shop\/carranca\/"},"modified":"2026-03-29T08:01:13","modified_gmt":"2026-03-29T08:01:13","slug":"carranca-rotwein","status":"publish","type":"product","link":"https:\/\/poderelacollina.com\/de\/shop\/carranca-rotwein\/","title":{"rendered":"Carranca"},"content":{"rendered":"<p><strong>Region: <\/strong>Brisighella (<strong>Ravenna IGT<\/strong>), Emilia-Romagna, Italien<\/p>\n<p><strong>Traubensorte: <\/strong>Merlot<\/p>\n<p><strong>Standort:<\/strong>steile S\u00fcdh\u00e4nge, 300 m.\u00fc.d.M., Mikroklima Terroir &#8211; gelber Ton mit Sand und ockerfarbenem Lehm Weinlese: von Hand in kleinen Kisten<\/p>\n<p><strong>Weinlese:<\/strong>von Hand in kleinen Kisten gelesen<\/p>\n<p><strong>Fermentation:<\/strong>Die Fermentation findet in Stahltanks bei kontrollierter Temperatur statt, Mazeration im Stahltank f\u00fcr 4 Wochen.<\/p>\n<p><strong>Weinbereitung:<\/strong>Nach dem biologischen S\u00e4ureabbau wird der Wein bis zur Flaschenabf\u00fcllung in F\u00e4ssern von 500 l und in Barriques von 225 l mit einem Neuholzanteil von 30% gelagert. Abschlie\u00dfend 24 Monate Flaschenreifung.<\/p>\n<p><strong>Alkohol: <\/strong>13.5%<\/p>\n<p><strong>Genussreife:<\/strong> Ab sofort, wir empfehlen eine Lagerung von 2 Jahren. Das Reifepotential betr\u00e4gt 7 &#8211; 9 Jahre<\/p>\n<p><strong>Serviertemperatur: <\/strong>16 bis 18\u00b0C<\/p>\n<p><strong>Empfohlen f\u00fcr: <\/strong>Fleisch und Teigwaren<\/p>\n","protected":false},"excerpt":{"rendered":"<div data-canvas-width=\"595.4239999999999\">Der Rotwein Carranca ist ein hervorragender Merlot mit sortentypischem Bouquet und balsamischer Note, elegant, kraftvoll im Gaumen und mit finessenreichem Abgang, 100% biologisch, aus der Region Emilia-Romagna, Italien.<\/div>\n","protected":false},"featured_media":12835,"comment_status":"open","ping_status":"closed","template":"","meta":[],"product_cat":[147],"product_tag":[148],"class_list":{"0":"post-12933","1":"product","2":"type-product","3":"status-publish","4":"has-post-thumbnail","6":"product_cat-rotwein","7":"product_tag-75-cl","8":"product_shipping_class-weine","9":"pa_alcohol-13-5-de","10":"pa_grape-100-merlot-de","12":"first","13":"instock","14":"taxable","15":"shipping-taxable","16":"purchasable","17":"product-type-simple"},"_links":{"self":[{"href":"https:\/\/poderelacollina.com\/de\/wp-json\/wp\/v2\/product\/12933","targetHints":{"allow":["GET"]}}],"collection":[{"href":"https:\/\/poderelacollina.com\/de\/wp-json\/wp\/v2\/product"}],"about":[{"href":"https:\/\/poderelacollina.com\/de\/wp-json\/wp\/v2\/types\/product"}],"replies":[{"embeddable":true,"href":"https:\/\/poderelacollina.com\/de\/wp-json\/wp\/v2\/comments?post=12933"}],"version-history":[{"count":3,"href":"https:\/\/poderelacollina.com\/de\/wp-json\/wp\/v2\/product\/12933\/revisions"}],"predecessor-version":[{"id":14868,"href":"https:\/\/poderelacollina.com\/de\/wp-json\/wp\/v2\/product\/12933\/revisions\/14868"}],"wp:featuredmedia":[{"embeddable":true,"href":"https:\/\/poderelacollina.com\/de\/wp-json\/wp\/v2\/media\/12835"}],"wp:attachment":[{"href":"https:\/\/poderelacollina.com\/de\/wp-json\/wp\/v2\/media?parent=12933"}],"wp:term":[{"taxonomy":"product_cat","embeddable":true,"href":"https:\/\/poderelacollina.com\/de\/wp-json\/wp\/v2\/product_cat?post=12933"},{"taxonomy":"product_tag","embeddable":true,"href":"https:\/\/poderelacollina.com\/de\/wp-json\/wp\/v2\/product_tag?post=12933"}],"curies":[{"name":"wp","href":"https:\/\/api.w.org\/{rel}","templated":true}]}}