{"id":12937,"date":"2022-01-26T23:01:58","date_gmt":"2022-01-26T23:01:58","guid":{"rendered":"https:\/\/poderelacollina.com\/shop\/rio-paglia\/"},"modified":"2026-03-29T08:22:40","modified_gmt":"2026-03-29T08:22:40","slug":"rio-paglia-rotwein","status":"publish","type":"product","link":"https:\/\/poderelacollina.com\/de\/shop\/rio-paglia-rotwein\/","title":{"rendered":"Rio Paglia"},"content":{"rendered":"<p><strong>Region: <\/strong>Brisighella (<strong>Ravenna IGT<\/strong>), Emilia-Romagna, Italien<\/p>\n<p><strong>Traubensorte: <\/strong>Sangiovese<\/p>\n<p><strong>Standort:<\/strong>steile S\u00fcdh\u00e4nge, 300 m.\u00fc.d.M., Mikroklima Terroir &#8211; gelber Ton mit Sand und ockerfarbenem Lehm Weinlese: von Hand in kleinen Kisten<\/p>\n<p><strong>Weinlese:<\/strong>von Hand in kleinen Kisten gelesen<\/p>\n<p><strong>Fermentation:<\/strong>Die G\u00e4rung findet in Stahltanks bei kontrollierter Temperatur statt, Mazeration im Stahltank f\u00fcr 1-2 Wochen<\/p>\n<p><strong>Weinbereitung:<\/strong>Nach dem biologischen S\u00e4ureabbau wird der Wein bis zur Abf\u00fcllung in F\u00e4ssern von 500 l und in Barriques von 225 l mit einem Anteil an neuem Holz von 30% gelagert.<\/p>\n<p><strong>Alkohol: <\/strong>12.5%<\/p>\n<p><strong>Genu\u00dfreife:<\/strong> Ab sofort, das Reifepotential betr\u00e4gt 5 &#8211; 8 Jahre.<\/p>\n<p><strong>Serviertemperatur: <\/strong>10 bis 14\u00b0C<\/p>\n<p><strong>Empfohlen f\u00fcr:<\/strong>Aperitifs, Vorspeisen, gegrilltes Fleisch, Teigwaren<\/p>\n","protected":false},"excerpt":{"rendered":"<div data-canvas-width=\"593.6479999999998\">Der Rotwein Rio Paglia ist ein hochwertiger Sangiovese. Dieser Wein ist harmonisch und schmackhaft, frisch und jung mit intensiven Aromen von Himbeeren, 100% biologisch, aus der Region Emilia-Romagna, Italien.<\/div>\n","protected":false},"featured_media":12840,"comment_status":"open","ping_status":"closed","template":"","meta":[],"product_cat":[147],"product_tag":[148],"class_list":{"0":"post-12937","1":"product","2":"type-product","3":"status-publish","4":"has-post-thumbnail","6":"product_cat-rotwein","7":"product_tag-75-cl","8":"product_shipping_class-weine","9":"pa_alcohol-12-5-de","10":"pa_grape-sangiovese-de","12":"first","13":"instock","14":"featured","15":"taxable","16":"shipping-taxable","17":"purchasable","18":"product-type-simple"},"_links":{"self":[{"href":"https:\/\/poderelacollina.com\/de\/wp-json\/wp\/v2\/product\/12937","targetHints":{"allow":["GET"]}}],"collection":[{"href":"https:\/\/poderelacollina.com\/de\/wp-json\/wp\/v2\/product"}],"about":[{"href":"https:\/\/poderelacollina.com\/de\/wp-json\/wp\/v2\/types\/product"}],"replies":[{"embeddable":true,"href":"https:\/\/poderelacollina.com\/de\/wp-json\/wp\/v2\/comments?post=12937"}],"version-history":[{"count":2,"href":"https:\/\/poderelacollina.com\/de\/wp-json\/wp\/v2\/product\/12937\/revisions"}],"predecessor-version":[{"id":14874,"href":"https:\/\/poderelacollina.com\/de\/wp-json\/wp\/v2\/product\/12937\/revisions\/14874"}],"wp:featuredmedia":[{"embeddable":true,"href":"https:\/\/poderelacollina.com\/de\/wp-json\/wp\/v2\/media\/12840"}],"wp:attachment":[{"href":"https:\/\/poderelacollina.com\/de\/wp-json\/wp\/v2\/media?parent=12937"}],"wp:term":[{"taxonomy":"product_cat","embeddable":true,"href":"https:\/\/poderelacollina.com\/de\/wp-json\/wp\/v2\/product_cat?post=12937"},{"taxonomy":"product_tag","embeddable":true,"href":"https:\/\/poderelacollina.com\/de\/wp-json\/wp\/v2\/product_tag?post=12937"}],"curies":[{"name":"wp","href":"https:\/\/api.w.org\/{rel}","templated":true}]}}