{"id":12955,"date":"2021-01-06T20:21:48","date_gmt":"2021-01-06T20:21:48","guid":{"rendered":"https:\/\/poderelacollina.com\/shop\/5-liter-dose-extra-vergine-olivenoel\/"},"modified":"2023-09-12T17:07:03","modified_gmt":"2023-09-12T17:07:03","slug":"5l-kanister-extra-vergine-olivenol","status":"publish","type":"product","link":"https:\/\/poderelacollina.com\/de\/shop\/5l-kanister-extra-vergine-olivenol\/","title":{"rendered":"5 Liter Dose Extra Vergine Oliven\u00f6l"},"content":{"rendered":"","protected":false},"excerpt":{"rendered":"<p>Unser einzigartiges Extra Vergine Oliven\u00f6l in der 5-Liter-Dose von La Collina Weingut geh\u00f6rt zu den 100% nat\u00fcrlichen und biologischen Oliven\u00f6lprodukten, welche nur aus 2 einheimischen Sorten von Brisighella &#8211; Ghiacciola und Nostrana Brisighellese &#8211; hergestellt werden.<\/p>\n<p>Die Verarbeitung von biologischem Extra Virgin Oliven\u00f6l erfordert viel Erfahrung und Leidenschaft bei jedem einzelnen Element der Produktion. Das Extra Virgin Oliven\u00f6l ist der Protagonist in der Geschichte der Region Emilia-Romagna, Italien.<\/p>\n<p>Auf dem Weingut La Collina haben wir es geschafft, diese nat\u00fcrliche Verarbeitungstechnik in ein Meisterwerk zu verwandeln. Es hat einen exquisiten Geschmack und sollte vor allem als Beilage zu Fisch, Fleisch, Pasta, Gem\u00fcse und K\u00e4se konsumiert werden.<\/p>\n","protected":false},"featured_media":12831,"comment_status":"open","ping_status":"closed","template":"","meta":[],"product_cat":[179],"product_tag":[190],"class_list":{"0":"post-12955","1":"product","2":"type-product","3":"status-publish","4":"has-post-thumbnail","6":"product_cat-olivenol","7":"product_tag-5l","8":"product_shipping_class-olivenol-5l","10":"first","11":"instock","12":"taxable","13":"shipping-taxable","14":"purchasable","15":"product-type-simple"},"_links":{"self":[{"href":"https:\/\/poderelacollina.com\/de\/wp-json\/wp\/v2\/product\/12955","targetHints":{"allow":["GET"]}}],"collection":[{"href":"https:\/\/poderelacollina.com\/de\/wp-json\/wp\/v2\/product"}],"about":[{"href":"https:\/\/poderelacollina.com\/de\/wp-json\/wp\/v2\/types\/product"}],"replies":[{"embeddable":true,"href":"https:\/\/poderelacollina.com\/de\/wp-json\/wp\/v2\/comments?post=12955"}],"version-history":[{"count":1,"href":"https:\/\/poderelacollina.com\/de\/wp-json\/wp\/v2\/product\/12955\/revisions"}],"predecessor-version":[{"id":13724,"href":"https:\/\/poderelacollina.com\/de\/wp-json\/wp\/v2\/product\/12955\/revisions\/13724"}],"wp:featuredmedia":[{"embeddable":true,"href":"https:\/\/poderelacollina.com\/de\/wp-json\/wp\/v2\/media\/12831"}],"wp:attachment":[{"href":"https:\/\/poderelacollina.com\/de\/wp-json\/wp\/v2\/media?parent=12955"}],"wp:term":[{"taxonomy":"product_cat","embeddable":true,"href":"https:\/\/poderelacollina.com\/de\/wp-json\/wp\/v2\/product_cat?post=12955"},{"taxonomy":"product_tag","embeddable":true,"href":"https:\/\/poderelacollina.com\/de\/wp-json\/wp\/v2\/product_tag?post=12955"}],"curies":[{"name":"wp","href":"https:\/\/api.w.org\/{rel}","templated":true}]}}