{"id":13718,"date":"2021-12-14T06:20:54","date_gmt":"2021-12-14T06:20:54","guid":{"rendered":"https:\/\/poderelacollina.com\/shop\/grappa-sangiovita-riserva-18-mesi\/"},"modified":"2023-10-26T07:51:22","modified_gmt":"2023-10-26T07:51:22","slug":"sangiovita-grappa-riserva","status":"publish","type":"product","link":"https:\/\/poderelacollina.com\/it\/shop\/sangiovita-grappa-riserva\/","title":{"rendered":"Sangiovita Grappa Riserva 18 Mesi"},"content":{"rendered":"","protected":false},"excerpt":{"rendered":"<div data-canvas-width=\"582.3359999999999\">La grappa Sangiovita Riserva \u00e8 caratterizzata da una complessit\u00e0 aromatica e sentori di vinaccia, mandorla, e frutti secchi. La grappa Sangiovita Riserva \u00e8 conservata in botti di quercia per 18 mesi ed \u00e8 prodotta in Emilia-Romagna Italia.<\/div>\n","protected":false},"featured_media":13352,"comment_status":"open","ping_status":"closed","template":"","meta":[],"product_cat":[246],"product_tag":[248],"class_list":{"0":"post-13718","1":"product","2":"type-product","3":"status-publish","4":"has-post-thumbnail","6":"product_cat-grappa","7":"product_tag-70-cl-it","8":"product_shipping_class-grappas-it","9":"pa_alcohol-42-it","11":"first","12":"instock","13":"taxable","14":"shipping-taxable","15":"purchasable","16":"product-type-simple"},"_links":{"self":[{"href":"https:\/\/poderelacollina.com\/it\/wp-json\/wp\/v2\/product\/13718","targetHints":{"allow":["GET"]}}],"collection":[{"href":"https:\/\/poderelacollina.com\/it\/wp-json\/wp\/v2\/product"}],"about":[{"href":"https:\/\/poderelacollina.com\/it\/wp-json\/wp\/v2\/types\/product"}],"replies":[{"embeddable":true,"href":"https:\/\/poderelacollina.com\/it\/wp-json\/wp\/v2\/comments?post=13718"}],"version-history":[{"count":2,"href":"https:\/\/poderelacollina.com\/it\/wp-json\/wp\/v2\/product\/13718\/revisions"}],"predecessor-version":[{"id":14420,"href":"https:\/\/poderelacollina.com\/it\/wp-json\/wp\/v2\/product\/13718\/revisions\/14420"}],"wp:featuredmedia":[{"embeddable":true,"href":"https:\/\/poderelacollina.com\/it\/wp-json\/wp\/v2\/media\/13352"}],"wp:attachment":[{"href":"https:\/\/poderelacollina.com\/it\/wp-json\/wp\/v2\/media?parent=13718"}],"wp:term":[{"taxonomy":"product_cat","embeddable":true,"href":"https:\/\/poderelacollina.com\/it\/wp-json\/wp\/v2\/product_cat?post=13718"},{"taxonomy":"product_tag","embeddable":true,"href":"https:\/\/poderelacollina.com\/it\/wp-json\/wp\/v2\/product_tag?post=13718"}],"curies":[{"name":"wp","href":"https:\/\/api.w.org\/{rel}","templated":true}]}}